{"id":71,"date":"2012-11-21T20:20:46","date_gmt":"2012-11-21T20:20:46","guid":{"rendered":"http:\/\/www.ranchosmaracaja.com.br\/site\/?page_id=71"},"modified":"2018-09-20T09:28:59","modified_gmt":"2018-09-20T09:28:59","slug":"origem-do-nome-maracaja","status":"publish","type":"page","link":"http:\/\/www.ranchosmaracaja.com.br\/site\/origem-do-nome-maracaja","title":{"rendered":"ORIGEM DO NOME MARACAJ\u00c1"},"content":{"rendered":"<p style=\"text-align: left;\">Escolher um nome \u00e9 muito importante, nosso empreendimento por est\u00e1 localizado na Serra do Cip\u00f3 uma regi\u00e3o de uma fauna e flora rica.<\/p>\n<p style=\"text-align: left;\">No passado em toda Serra do Cip\u00f3 vivia um felino\u00a0 de tamanho m\u00e9dio, maior que o &#8220;gato do mato&#8221;, e se assemelha a Jaguatirica, sendo menor no tamanho o bel\u00edssimo\u00a0 <a href=\"https:\/\/pt.wikipedia.org\/wiki\/Gato-maracaj%C3%A1\" target=\"_blank\" rel=\"noopener\">Maracaj\u00e1<\/a>, que no Tupi &#8220;<strong>Maraka&#8217;ya<\/strong>&#8220;, por ser raro e de uma beleza unica resolvemos batizar nosso empreendimento em &#8220;Ranchos Maracaj\u00e1&#8221;.<\/p>\n<div id=\"attachment_246\" style=\"width: 204px\" class=\"wp-caption aligncenter\"><a href=\"http:\/\/www.ranchosmaracaja.com.br\/site\/wp-content\/uploads\/2012\/11\/gato-maracaj\u00e1.jpg\"><img loading=\"lazy\" decoding=\"async\" aria-describedby=\"caption-attachment-246\" class=\"wp-image-246 size-full\" title=\"gato Maracaj\u00e1\" src=\"http:\/\/www.ranchosmaracaja.com.br\/site\/wp-content\/uploads\/2012\/11\/gato-maracaj\u00e1.jpg\" alt=\"\" width=\"194\" height=\"259\" \/><\/a><p id=\"caption-attachment-246\" class=\"wp-caption-text\">Maracaj\u00e1<\/p><\/div>\n<div id=\"attachment_166\" style=\"width: 327px\" class=\"wp-caption aligncenter\"><img loading=\"lazy\" decoding=\"async\" aria-describedby=\"caption-attachment-166\" class=\"wp-image-166 size-full\" src=\"http:\/\/www.ranchosmaracaja.com.br\/site\/wp-content\/uploads\/2012\/11\/logosobre.png\" alt=\"\" width=\"317\" height=\"184\" srcset=\"http:\/\/www.ranchosmaracaja.com.br\/site\/wp-content\/uploads\/2012\/11\/logosobre.png 317w, http:\/\/www.ranchosmaracaja.com.br\/site\/wp-content\/uploads\/2012\/11\/logosobre-300x174.png 300w, http:\/\/www.ranchosmaracaja.com.br\/site\/wp-content\/uploads\/2012\/11\/logosobre-200x115.png 200w\" sizes=\"auto, (max-width: 317px) 100vw, 317px\" \/><p id=\"caption-attachment-166\" class=\"wp-caption-text\">Logo do empreendimento<\/p><\/div>\n<p style=\"text-align: center;\">O Maracaj\u00e1 \u00e9 encontrado na Serra do Cip\u00f3, e est\u00e1 amea\u00e7ado de extin\u00e7\u00e3o.<\/p>\n","protected":false},"excerpt":{"rendered":"<p>Escolher um nome \u00e9 muito importante, nosso empreendimento por est\u00e1 localizado na Serra do Cip\u00f3 &hellip; <\/p>\n","protected":false},"author":1,"featured_media":0,"parent":0,"menu_order":0,"comment_status":"open","ping_status":"open","template":"","meta":{"footnotes":""},"class_list":["post-71","page","type-page","status-publish","hentry"],"_links":{"self":[{"href":"http:\/\/www.ranchosmaracaja.com.br\/site\/wp-json\/wp\/v2\/pages\/71","targetHints":{"allow":["GET"]}}],"collection":[{"href":"http:\/\/www.ranchosmaracaja.com.br\/site\/wp-json\/wp\/v2\/pages"}],"about":[{"href":"http:\/\/www.ranchosmaracaja.com.br\/site\/wp-json\/wp\/v2\/types\/page"}],"author":[{"embeddable":true,"href":"http:\/\/www.ranchosmaracaja.com.br\/site\/wp-json\/wp\/v2\/users\/1"}],"replies":[{"embeddable":true,"href":"http:\/\/www.ranchosmaracaja.com.br\/site\/wp-json\/wp\/v2\/comments?post=71"}],"version-history":[{"count":9,"href":"http:\/\/www.ranchosmaracaja.com.br\/site\/wp-json\/wp\/v2\/pages\/71\/revisions"}],"predecessor-version":[{"id":410,"href":"http:\/\/www.ranchosmaracaja.com.br\/site\/wp-json\/wp\/v2\/pages\/71\/revisions\/410"}],"wp:attachment":[{"href":"http:\/\/www.ranchosmaracaja.com.br\/site\/wp-json\/wp\/v2\/media?parent=71"}],"curies":[{"name":"wp","href":"https:\/\/api.w.org\/{rel}","templated":true}]}}